{"id":775,"date":"2025-07-16T21:33:45","date_gmt":"2025-07-17T00:33:45","guid":{"rendered":"https:\/\/mocabonitaacessorios.com.br\/?post_type=product&#038;p=775"},"modified":"2025-11-15T01:20:06","modified_gmt":"2025-11-15T04:20:06","slug":"oculos-ref-o002","status":"publish","type":"product","link":"https:\/\/mocabonitaacessorios.com.br\/?product=oculos-ref-o002","title":{"rendered":"\u00d3culos &#8211; R$119,90 \/Ref O002"},"content":{"rendered":"<p>\u00d3culos de sol bambu<\/p>\n<p>prote\u00e7\u00e3o UV400<\/p>\n<p>R$119,90<\/p>\n<p><img fetchpriority=\"high\" decoding=\"async\" class=\"alignnone size-medium wp-image-749\" src=\"http:\/\/mocabonitaacessorios.com.br\/wp-content\/uploads\/2025\/07\/DSC_2578-300x200.jpg\" alt=\"\" width=\"300\" height=\"200\" srcset=\"https:\/\/mocabonitaacessorios.com.br\/wp-content\/uploads\/2025\/07\/DSC_2578-300x200.jpg 300w, https:\/\/mocabonitaacessorios.com.br\/wp-content\/uploads\/2025\/07\/DSC_2578-1024x683.jpg 1024w, https:\/\/mocabonitaacessorios.com.br\/wp-content\/uploads\/2025\/07\/DSC_2578-768x512.jpg 768w, https:\/\/mocabonitaacessorios.com.br\/wp-content\/uploads\/2025\/07\/DSC_2578-1536x1024.jpg 1536w, https:\/\/mocabonitaacessorios.com.br\/wp-content\/uploads\/2025\/07\/DSC_2578-2048x1365.jpg 2048w, https:\/\/mocabonitaacessorios.com.br\/wp-content\/uploads\/2025\/07\/DSC_2578-600x400.jpg 600w, https:\/\/mocabonitaacessorios.com.br\/wp-content\/uploads\/2025\/07\/DSC_2578-64x43.jpg 64w\" sizes=\"(max-width: 300px) 100vw, 300px\" \/><\/p>\n","protected":false},"excerpt":{"rendered":"<p>\u00d3culos de sol bambu prote\u00e7\u00e3o UV400 R$119,90<\/p>\n","protected":false},"featured_media":749,"comment_status":"open","ping_status":"closed","template":"","meta":[],"product_cat":[31],"product_tag":[],"_links":{"self":[{"href":"https:\/\/mocabonitaacessorios.com.br\/index.php?rest_route=\/wp\/v2\/product\/775"}],"collection":[{"href":"https:\/\/mocabonitaacessorios.com.br\/index.php?rest_route=\/wp\/v2\/product"}],"about":[{"href":"https:\/\/mocabonitaacessorios.com.br\/index.php?rest_route=\/wp\/v2\/types\/product"}],"replies":[{"embeddable":true,"href":"https:\/\/mocabonitaacessorios.com.br\/index.php?rest_route=%2Fwp%2Fv2%2Fcomments&post=775"}],"wp:featuredmedia":[{"embeddable":true,"href":"https:\/\/mocabonitaacessorios.com.br\/index.php?rest_route=\/wp\/v2\/media\/749"}],"wp:attachment":[{"href":"https:\/\/mocabonitaacessorios.com.br\/index.php?rest_route=%2Fwp%2Fv2%2Fmedia&parent=775"}],"wp:term":[{"taxonomy":"product_cat","embeddable":true,"href":"https:\/\/mocabonitaacessorios.com.br\/index.php?rest_route=%2Fwp%2Fv2%2Fproduct_cat&post=775"},{"taxonomy":"product_tag","embeddable":true,"href":"https:\/\/mocabonitaacessorios.com.br\/index.php?rest_route=%2Fwp%2Fv2%2Fproduct_tag&post=775"}],"curies":[{"name":"wp","href":"https:\/\/api.w.org\/{rel}","templated":true}]}}