{"id":776,"date":"2025-07-16T21:38:41","date_gmt":"2025-07-17T00:38:41","guid":{"rendered":"https:\/\/mocabonitaacessorios.com.br\/?post_type=product&#038;p=776"},"modified":"2025-11-15T01:20:40","modified_gmt":"2025-11-15T04:20:40","slug":"oculos-ref-o003","status":"publish","type":"product","link":"https:\/\/mocabonitaacessorios.com.br\/?product=oculos-ref-o003","title":{"rendered":"\u00d3culos &#8211; R$119,90 \/Ref O003"},"content":{"rendered":"<p>\u00d3culos de sol lente ros\u00ea<\/p>\n<p>prote\u00e7\u00e3o UV400<\/p>\n<p>R$119,90<\/p>\n<p><img fetchpriority=\"high\" decoding=\"async\" class=\"alignnone size-medium wp-image-759\" src=\"http:\/\/mocabonitaacessorios.com.br\/wp-content\/uploads\/2025\/07\/DSC_0435-200x300.jpg\" alt=\"\" width=\"200\" height=\"300\" srcset=\"https:\/\/mocabonitaacessorios.com.br\/wp-content\/uploads\/2025\/07\/DSC_0435-200x300.jpg 200w, https:\/\/mocabonitaacessorios.com.br\/wp-content\/uploads\/2025\/07\/DSC_0435-683x1024.jpg 683w, https:\/\/mocabonitaacessorios.com.br\/wp-content\/uploads\/2025\/07\/DSC_0435-768x1152.jpg 768w, https:\/\/mocabonitaacessorios.com.br\/wp-content\/uploads\/2025\/07\/DSC_0435-1024x1536.jpg 1024w, https:\/\/mocabonitaacessorios.com.br\/wp-content\/uploads\/2025\/07\/DSC_0435-1365x2048.jpg 1365w, https:\/\/mocabonitaacessorios.com.br\/wp-content\/uploads\/2025\/07\/DSC_0435-600x900.jpg 600w, https:\/\/mocabonitaacessorios.com.br\/wp-content\/uploads\/2025\/07\/DSC_0435-64x96.jpg 64w, https:\/\/mocabonitaacessorios.com.br\/wp-content\/uploads\/2025\/07\/DSC_0435-scaled.jpg 1707w\" sizes=\"(max-width: 200px) 100vw, 200px\" \/><\/p>\n","protected":false},"excerpt":{"rendered":"<p>\u00d3culos de sol lente ros\u00ea prote\u00e7\u00e3o UV400 R$119,90<\/p>\n","protected":false},"featured_media":759,"comment_status":"open","ping_status":"closed","template":"","meta":[],"product_cat":[31],"product_tag":[],"_links":{"self":[{"href":"https:\/\/mocabonitaacessorios.com.br\/index.php?rest_route=\/wp\/v2\/product\/776"}],"collection":[{"href":"https:\/\/mocabonitaacessorios.com.br\/index.php?rest_route=\/wp\/v2\/product"}],"about":[{"href":"https:\/\/mocabonitaacessorios.com.br\/index.php?rest_route=\/wp\/v2\/types\/product"}],"replies":[{"embeddable":true,"href":"https:\/\/mocabonitaacessorios.com.br\/index.php?rest_route=%2Fwp%2Fv2%2Fcomments&post=776"}],"wp:featuredmedia":[{"embeddable":true,"href":"https:\/\/mocabonitaacessorios.com.br\/index.php?rest_route=\/wp\/v2\/media\/759"}],"wp:attachment":[{"href":"https:\/\/mocabonitaacessorios.com.br\/index.php?rest_route=%2Fwp%2Fv2%2Fmedia&parent=776"}],"wp:term":[{"taxonomy":"product_cat","embeddable":true,"href":"https:\/\/mocabonitaacessorios.com.br\/index.php?rest_route=%2Fwp%2Fv2%2Fproduct_cat&post=776"},{"taxonomy":"product_tag","embeddable":true,"href":"https:\/\/mocabonitaacessorios.com.br\/index.php?rest_route=%2Fwp%2Fv2%2Fproduct_tag&post=776"}],"curies":[{"name":"wp","href":"https:\/\/api.w.org\/{rel}","templated":true}]}}