{"id":860,"date":"2025-07-18T01:43:20","date_gmt":"2025-07-18T04:43:20","guid":{"rendered":"https:\/\/mocabonitaacessorios.com.br\/?post_type=product&#038;p=860"},"modified":"2025-11-15T01:21:05","modified_gmt":"2025-11-15T04:21:05","slug":"oculos-ref-o004","status":"publish","type":"product","link":"https:\/\/mocabonitaacessorios.com.br\/?product=oculos-ref-o004","title":{"rendered":"\u00d3culos &#8211; R$119,90 \/Ref O004"},"content":{"rendered":"<p>\u00f3culos<\/p>\n<p>Prote\u00e7\u00e3o UV400 polarizado<\/p>\n<p>4x de R$29,97 sem juros<\/p>\n<p><img fetchpriority=\"high\" decoding=\"async\" class=\"alignnone size-medium wp-image-747\" src=\"http:\/\/mocabonitaacessorios.com.br\/wp-content\/uploads\/2025\/07\/DSC_2635-300x200.jpg\" alt=\"\" width=\"300\" height=\"200\" srcset=\"https:\/\/mocabonitaacessorios.com.br\/wp-content\/uploads\/2025\/07\/DSC_2635-300x200.jpg 300w, https:\/\/mocabonitaacessorios.com.br\/wp-content\/uploads\/2025\/07\/DSC_2635-1024x683.jpg 1024w, https:\/\/mocabonitaacessorios.com.br\/wp-content\/uploads\/2025\/07\/DSC_2635-768x512.jpg 768w, https:\/\/mocabonitaacessorios.com.br\/wp-content\/uploads\/2025\/07\/DSC_2635-1536x1024.jpg 1536w, https:\/\/mocabonitaacessorios.com.br\/wp-content\/uploads\/2025\/07\/DSC_2635-2048x1365.jpg 2048w, https:\/\/mocabonitaacessorios.com.br\/wp-content\/uploads\/2025\/07\/DSC_2635-600x400.jpg 600w, https:\/\/mocabonitaacessorios.com.br\/wp-content\/uploads\/2025\/07\/DSC_2635-64x43.jpg 64w\" sizes=\"(max-width: 300px) 100vw, 300px\" \/><\/p>\n","protected":false},"excerpt":{"rendered":"<p>\u00f3culos Prote\u00e7\u00e3o UV400 polarizado 4x de R$29,97 sem juros<\/p>\n","protected":false},"featured_media":747,"comment_status":"open","ping_status":"closed","template":"","meta":[],"product_cat":[64,31],"product_tag":[],"_links":{"self":[{"href":"https:\/\/mocabonitaacessorios.com.br\/index.php?rest_route=\/wp\/v2\/product\/860"}],"collection":[{"href":"https:\/\/mocabonitaacessorios.com.br\/index.php?rest_route=\/wp\/v2\/product"}],"about":[{"href":"https:\/\/mocabonitaacessorios.com.br\/index.php?rest_route=\/wp\/v2\/types\/product"}],"replies":[{"embeddable":true,"href":"https:\/\/mocabonitaacessorios.com.br\/index.php?rest_route=%2Fwp%2Fv2%2Fcomments&post=860"}],"wp:featuredmedia":[{"embeddable":true,"href":"https:\/\/mocabonitaacessorios.com.br\/index.php?rest_route=\/wp\/v2\/media\/747"}],"wp:attachment":[{"href":"https:\/\/mocabonitaacessorios.com.br\/index.php?rest_route=%2Fwp%2Fv2%2Fmedia&parent=860"}],"wp:term":[{"taxonomy":"product_cat","embeddable":true,"href":"https:\/\/mocabonitaacessorios.com.br\/index.php?rest_route=%2Fwp%2Fv2%2Fproduct_cat&post=860"},{"taxonomy":"product_tag","embeddable":true,"href":"https:\/\/mocabonitaacessorios.com.br\/index.php?rest_route=%2Fwp%2Fv2%2Fproduct_tag&post=860"}],"curies":[{"name":"wp","href":"https:\/\/api.w.org\/{rel}","templated":true}]}}