{"id":861,"date":"2025-07-18T01:54:55","date_gmt":"2025-07-18T04:54:55","guid":{"rendered":"https:\/\/mocabonitaacessorios.com.br\/?post_type=product&#038;p=861"},"modified":"2025-11-15T01:21:19","modified_gmt":"2025-11-15T04:21:19","slug":"oculos-ref-o005","status":"publish","type":"product","link":"https:\/\/mocabonitaacessorios.com.br\/?product=oculos-ref-o005","title":{"rendered":"\u00d3culos &#8211; R$119,90 \/Ref O005"},"content":{"rendered":"<p>\u00d3culos azul<\/p>\n<p>Prote\u00e7\u00e3o UV400 polarizado<\/p>\n<p>4x de R$29,97<\/p>\n<p><img fetchpriority=\"high\" decoding=\"async\" class=\"alignnone size-medium wp-image-741\" src=\"http:\/\/mocabonitaacessorios.com.br\/wp-content\/uploads\/2025\/07\/DSC_2666-300x200.jpg\" alt=\"\" width=\"300\" height=\"200\" srcset=\"https:\/\/mocabonitaacessorios.com.br\/wp-content\/uploads\/2025\/07\/DSC_2666-300x200.jpg 300w, https:\/\/mocabonitaacessorios.com.br\/wp-content\/uploads\/2025\/07\/DSC_2666-1024x683.jpg 1024w, https:\/\/mocabonitaacessorios.com.br\/wp-content\/uploads\/2025\/07\/DSC_2666-768x512.jpg 768w, https:\/\/mocabonitaacessorios.com.br\/wp-content\/uploads\/2025\/07\/DSC_2666-1536x1024.jpg 1536w, https:\/\/mocabonitaacessorios.com.br\/wp-content\/uploads\/2025\/07\/DSC_2666-2048x1365.jpg 2048w, https:\/\/mocabonitaacessorios.com.br\/wp-content\/uploads\/2025\/07\/DSC_2666-600x400.jpg 600w, https:\/\/mocabonitaacessorios.com.br\/wp-content\/uploads\/2025\/07\/DSC_2666-64x43.jpg 64w\" sizes=\"(max-width: 300px) 100vw, 300px\" \/><\/p>\n","protected":false},"excerpt":{"rendered":"<p>\u00d3culos azul Prote\u00e7\u00e3o UV400 polarizado 4x de R$29,97<\/p>\n","protected":false},"featured_media":741,"comment_status":"open","ping_status":"closed","template":"","meta":[],"product_cat":[64,65,31],"product_tag":[],"_links":{"self":[{"href":"https:\/\/mocabonitaacessorios.com.br\/index.php?rest_route=\/wp\/v2\/product\/861"}],"collection":[{"href":"https:\/\/mocabonitaacessorios.com.br\/index.php?rest_route=\/wp\/v2\/product"}],"about":[{"href":"https:\/\/mocabonitaacessorios.com.br\/index.php?rest_route=\/wp\/v2\/types\/product"}],"replies":[{"embeddable":true,"href":"https:\/\/mocabonitaacessorios.com.br\/index.php?rest_route=%2Fwp%2Fv2%2Fcomments&post=861"}],"wp:featuredmedia":[{"embeddable":true,"href":"https:\/\/mocabonitaacessorios.com.br\/index.php?rest_route=\/wp\/v2\/media\/741"}],"wp:attachment":[{"href":"https:\/\/mocabonitaacessorios.com.br\/index.php?rest_route=%2Fwp%2Fv2%2Fmedia&parent=861"}],"wp:term":[{"taxonomy":"product_cat","embeddable":true,"href":"https:\/\/mocabonitaacessorios.com.br\/index.php?rest_route=%2Fwp%2Fv2%2Fproduct_cat&post=861"},{"taxonomy":"product_tag","embeddable":true,"href":"https:\/\/mocabonitaacessorios.com.br\/index.php?rest_route=%2Fwp%2Fv2%2Fproduct_tag&post=861"}],"curies":[{"name":"wp","href":"https:\/\/api.w.org\/{rel}","templated":true}]}}