{"id":887,"date":"2025-07-27T00:42:45","date_gmt":"2025-07-27T03:42:45","guid":{"rendered":"https:\/\/mocabonitaacessorios.com.br\/?post_type=product&#038;p=887"},"modified":"2025-12-31T01:58:23","modified_gmt":"2025-12-31T04:58:23","slug":"relicario-coracao-ref-a1150","status":"publish","type":"product","link":"https:\/\/mocabonitaacessorios.com.br\/?product=relicario-coracao-ref-a1150","title":{"rendered":"Relic\u00e1rio cora\u00e7\u00e3o &#8211; R$99,00 \/Ref A1150"},"content":{"rendered":"<p>Pingente relic\u00e1rio cora\u00e7\u00e3o escrito love<\/p>\n<p>Prata 925<\/p>\n<p>4x de R$24,75<\/p>\n","protected":false},"excerpt":{"rendered":"<p>Pingente relic\u00e1rio cora\u00e7\u00e3o escrito love Prata 925 4x de R$24,75<\/p>\n","protected":false},"featured_media":888,"comment_status":"open","ping_status":"closed","template":"","meta":[],"product_cat":[64,23,19],"product_tag":[],"_links":{"self":[{"href":"https:\/\/mocabonitaacessorios.com.br\/index.php?rest_route=\/wp\/v2\/product\/887"}],"collection":[{"href":"https:\/\/mocabonitaacessorios.com.br\/index.php?rest_route=\/wp\/v2\/product"}],"about":[{"href":"https:\/\/mocabonitaacessorios.com.br\/index.php?rest_route=\/wp\/v2\/types\/product"}],"replies":[{"embeddable":true,"href":"https:\/\/mocabonitaacessorios.com.br\/index.php?rest_route=%2Fwp%2Fv2%2Fcomments&post=887"}],"wp:featuredmedia":[{"embeddable":true,"href":"https:\/\/mocabonitaacessorios.com.br\/index.php?rest_route=\/wp\/v2\/media\/888"}],"wp:attachment":[{"href":"https:\/\/mocabonitaacessorios.com.br\/index.php?rest_route=%2Fwp%2Fv2%2Fmedia&parent=887"}],"wp:term":[{"taxonomy":"product_cat","embeddable":true,"href":"https:\/\/mocabonitaacessorios.com.br\/index.php?rest_route=%2Fwp%2Fv2%2Fproduct_cat&post=887"},{"taxonomy":"product_tag","embeddable":true,"href":"https:\/\/mocabonitaacessorios.com.br\/index.php?rest_route=%2Fwp%2Fv2%2Fproduct_tag&post=887"}],"curies":[{"name":"wp","href":"https:\/\/api.w.org\/{rel}","templated":true}]}}