{"id":900,"date":"2025-07-29T17:35:53","date_gmt":"2025-07-29T20:35:53","guid":{"rendered":"https:\/\/mocabonitaacessorios.com.br\/?post_type=product&#038;p=900"},"modified":"2025-11-15T01:21:49","modified_gmt":"2025-11-15T04:21:49","slug":"oculos-ref-o007","status":"publish","type":"product","link":"https:\/\/mocabonitaacessorios.com.br\/?product=oculos-ref-o007","title":{"rendered":"\u00d3culos &#8211; R$119,90 \/Ref O007"},"content":{"rendered":"<p>\u00d3culos de sol prote\u00e7\u00e3o UV400 e polarizado<\/p>\n<p>4x de R$29,97.<\/p>\n","protected":false},"excerpt":{"rendered":"<p>\u00d3culos de sol prote\u00e7\u00e3o UV400 e polarizado 4x de R$29,97.<\/p>\n","protected":false},"featured_media":898,"comment_status":"open","ping_status":"closed","template":"","meta":[],"product_cat":[64,65,31],"product_tag":[],"_links":{"self":[{"href":"https:\/\/mocabonitaacessorios.com.br\/index.php?rest_route=\/wp\/v2\/product\/900"}],"collection":[{"href":"https:\/\/mocabonitaacessorios.com.br\/index.php?rest_route=\/wp\/v2\/product"}],"about":[{"href":"https:\/\/mocabonitaacessorios.com.br\/index.php?rest_route=\/wp\/v2\/types\/product"}],"replies":[{"embeddable":true,"href":"https:\/\/mocabonitaacessorios.com.br\/index.php?rest_route=%2Fwp%2Fv2%2Fcomments&post=900"}],"wp:featuredmedia":[{"embeddable":true,"href":"https:\/\/mocabonitaacessorios.com.br\/index.php?rest_route=\/wp\/v2\/media\/898"}],"wp:attachment":[{"href":"https:\/\/mocabonitaacessorios.com.br\/index.php?rest_route=%2Fwp%2Fv2%2Fmedia&parent=900"}],"wp:term":[{"taxonomy":"product_cat","embeddable":true,"href":"https:\/\/mocabonitaacessorios.com.br\/index.php?rest_route=%2Fwp%2Fv2%2Fproduct_cat&post=900"},{"taxonomy":"product_tag","embeddable":true,"href":"https:\/\/mocabonitaacessorios.com.br\/index.php?rest_route=%2Fwp%2Fv2%2Fproduct_tag&post=900"}],"curies":[{"name":"wp","href":"https:\/\/api.w.org\/{rel}","templated":true}]}}