{"id":902,"date":"2025-07-29T17:42:16","date_gmt":"2025-07-29T20:42:16","guid":{"rendered":"https:\/\/mocabonitaacessorios.com.br\/?post_type=product&#038;p=902"},"modified":"2025-11-15T01:22:20","modified_gmt":"2025-11-15T04:22:20","slug":"oculos-ref-o008","status":"publish","type":"product","link":"https:\/\/mocabonitaacessorios.com.br\/?product=oculos-ref-o008","title":{"rendered":"\u00d3culos &#8211; R$119,90 \/Ref O008"},"content":{"rendered":"<p>\u00d3culos de sol prote\u00e7\u00e3o UV400 e polarizado.<\/p>\n<p>Hastes oncinha.<\/p>\n<p>4x de R$29,97.<\/p>\n","protected":false},"excerpt":{"rendered":"<p>\u00d3culos de sol prote\u00e7\u00e3o UV400 e polarizado. Hastes oncinha. 4x de R$29,97.<\/p>\n","protected":false},"featured_media":899,"comment_status":"open","ping_status":"closed","template":"","meta":[],"product_cat":[64,31],"product_tag":[],"_links":{"self":[{"href":"https:\/\/mocabonitaacessorios.com.br\/index.php?rest_route=\/wp\/v2\/product\/902"}],"collection":[{"href":"https:\/\/mocabonitaacessorios.com.br\/index.php?rest_route=\/wp\/v2\/product"}],"about":[{"href":"https:\/\/mocabonitaacessorios.com.br\/index.php?rest_route=\/wp\/v2\/types\/product"}],"replies":[{"embeddable":true,"href":"https:\/\/mocabonitaacessorios.com.br\/index.php?rest_route=%2Fwp%2Fv2%2Fcomments&post=902"}],"wp:featuredmedia":[{"embeddable":true,"href":"https:\/\/mocabonitaacessorios.com.br\/index.php?rest_route=\/wp\/v2\/media\/899"}],"wp:attachment":[{"href":"https:\/\/mocabonitaacessorios.com.br\/index.php?rest_route=%2Fwp%2Fv2%2Fmedia&parent=902"}],"wp:term":[{"taxonomy":"product_cat","embeddable":true,"href":"https:\/\/mocabonitaacessorios.com.br\/index.php?rest_route=%2Fwp%2Fv2%2Fproduct_cat&post=902"},{"taxonomy":"product_tag","embeddable":true,"href":"https:\/\/mocabonitaacessorios.com.br\/index.php?rest_route=%2Fwp%2Fv2%2Fproduct_tag&post=902"}],"curies":[{"name":"wp","href":"https:\/\/api.w.org\/{rel}","templated":true}]}}