{"id":913,"date":"2025-09-04T11:38:47","date_gmt":"2025-09-04T14:38:47","guid":{"rendered":"https:\/\/mocabonitaacessorios.com.br\/?post_type=product&#038;p=913"},"modified":"2025-11-15T01:24:32","modified_gmt":"2025-11-15T04:24:32","slug":"oculos-marrom-ref-o009","status":"publish","type":"product","link":"https:\/\/mocabonitaacessorios.com.br\/?product=oculos-marrom-ref-o009","title":{"rendered":"\u00d3culos Marrom &#8211; R$119,90 \/Ref O009"},"content":{"rendered":"<p>\u00f3culos prote\u00e7\u00e3o UV 400<\/p>\n<p>hastes marrom<\/p>\n<p>at\u00e9 4X de R$29,97 sem juros<\/p>\n","protected":false},"excerpt":{"rendered":"<p>\u00f3culos prote\u00e7\u00e3o UV 400 hastes marrom at\u00e9 4X de R$29,97 sem juros<\/p>\n","protected":false},"featured_media":914,"comment_status":"open","ping_status":"closed","template":"","meta":[],"product_cat":[64,31],"product_tag":[],"_links":{"self":[{"href":"https:\/\/mocabonitaacessorios.com.br\/index.php?rest_route=\/wp\/v2\/product\/913"}],"collection":[{"href":"https:\/\/mocabonitaacessorios.com.br\/index.php?rest_route=\/wp\/v2\/product"}],"about":[{"href":"https:\/\/mocabonitaacessorios.com.br\/index.php?rest_route=\/wp\/v2\/types\/product"}],"replies":[{"embeddable":true,"href":"https:\/\/mocabonitaacessorios.com.br\/index.php?rest_route=%2Fwp%2Fv2%2Fcomments&post=913"}],"wp:featuredmedia":[{"embeddable":true,"href":"https:\/\/mocabonitaacessorios.com.br\/index.php?rest_route=\/wp\/v2\/media\/914"}],"wp:attachment":[{"href":"https:\/\/mocabonitaacessorios.com.br\/index.php?rest_route=%2Fwp%2Fv2%2Fmedia&parent=913"}],"wp:term":[{"taxonomy":"product_cat","embeddable":true,"href":"https:\/\/mocabonitaacessorios.com.br\/index.php?rest_route=%2Fwp%2Fv2%2Fproduct_cat&post=913"},{"taxonomy":"product_tag","embeddable":true,"href":"https:\/\/mocabonitaacessorios.com.br\/index.php?rest_route=%2Fwp%2Fv2%2Fproduct_tag&post=913"}],"curies":[{"name":"wp","href":"https:\/\/api.w.org\/{rel}","templated":true}]}}