{"id":937,"date":"2025-10-13T22:06:33","date_gmt":"2025-10-14T01:06:33","guid":{"rendered":"https:\/\/mocabonitaacessorios.com.br\/?post_type=product&#038;p=937"},"modified":"2025-11-15T01:23:00","modified_gmt":"2025-11-15T04:23:00","slug":"oculos-ref-o011","status":"publish","type":"product","link":"https:\/\/mocabonitaacessorios.com.br\/?product=oculos-ref-o011","title":{"rendered":"\u00d3culos &#8211; R$119,90 \/Ref O011"},"content":{"rendered":"<p>\u00d3culos de sol<\/p>\n<p>Prote\u00e7\u00e3o UV 400<\/p>\n<p>at\u00e9 4x de R$29,97 no cart\u00e3o de cr\u00e9dito.<\/p>\n","protected":false},"excerpt":{"rendered":"<p>\u00d3culos de sol Prote\u00e7\u00e3o UV 400 at\u00e9 4x de R$29,97 no cart\u00e3o de cr\u00e9dito.<\/p>\n","protected":false},"featured_media":938,"comment_status":"open","ping_status":"closed","template":"","meta":[],"product_cat":[64,31],"product_tag":[],"_links":{"self":[{"href":"https:\/\/mocabonitaacessorios.com.br\/index.php?rest_route=\/wp\/v2\/product\/937"}],"collection":[{"href":"https:\/\/mocabonitaacessorios.com.br\/index.php?rest_route=\/wp\/v2\/product"}],"about":[{"href":"https:\/\/mocabonitaacessorios.com.br\/index.php?rest_route=\/wp\/v2\/types\/product"}],"replies":[{"embeddable":true,"href":"https:\/\/mocabonitaacessorios.com.br\/index.php?rest_route=%2Fwp%2Fv2%2Fcomments&post=937"}],"wp:featuredmedia":[{"embeddable":true,"href":"https:\/\/mocabonitaacessorios.com.br\/index.php?rest_route=\/wp\/v2\/media\/938"}],"wp:attachment":[{"href":"https:\/\/mocabonitaacessorios.com.br\/index.php?rest_route=%2Fwp%2Fv2%2Fmedia&parent=937"}],"wp:term":[{"taxonomy":"product_cat","embeddable":true,"href":"https:\/\/mocabonitaacessorios.com.br\/index.php?rest_route=%2Fwp%2Fv2%2Fproduct_cat&post=937"},{"taxonomy":"product_tag","embeddable":true,"href":"https:\/\/mocabonitaacessorios.com.br\/index.php?rest_route=%2Fwp%2Fv2%2Fproduct_tag&post=937"}],"curies":[{"name":"wp","href":"https:\/\/api.w.org\/{rel}","templated":true}]}}